{"id":723,"date":"2022-08-01T14:27:51","date_gmt":"2022-08-01T17:27:51","guid":{"rendered":"http:\/\/indaiatubadayhospital.com.br\/FVZ\/?page_id=723"},"modified":"2022-09-01T10:43:20","modified_gmt":"2022-09-01T13:43:20","slug":"institucional","status":"publish","type":"page","link":"https:\/\/indaiatubadayhospital.com.br\/FVZ\/institucional\/","title":{"rendered":"Institucional"},"content":{"rendered":"\t\t<div data-elementor-type=\"wp-page\" data-elementor-id=\"723\" class=\"elementor elementor-723\" data-elementor-settings=\"[]\">\n\t\t\t\t\t\t<div class=\"elementor-inner\">\n\t\t\t\t\t\t\t<div class=\"elementor-section-wrap\">\n\t\t\t\t\t\t\t<section class=\"elementor-section elementor-top-section elementor-element elementor-element-772e691 elementor-section-boxed elementor-section-height-default elementor-section-height-default\" data-id=\"772e691\" data-element_type=\"section\">\n\t\t\t\t\t\t<div class=\"elementor-container elementor-column-gap-default\">\n\t\t\t\t\t\t\t<div class=\"elementor-row\">\n\t\t\t\t\t<div class=\"elementor-column elementor-col-100 elementor-top-column elementor-element elementor-element-2c25918\" data-id=\"2c25918\" data-element_type=\"column\">\n\t\t\t<div class=\"elementor-column-wrap elementor-element-populated\">\n\t\t\t\t\t\t\t<div class=\"elementor-widget-wrap\">\n\t\t\t\t\t\t<div class=\"elementor-element elementor-element-6efe8a6 elementor-widget elementor-widget-heading\" data-id=\"6efe8a6\" data-element_type=\"widget\" data-widget_type=\"heading.default\">\n\t\t\t\t<div class=\"elementor-widget-container\">\n\t\t\t<h2 class=\"elementor-heading-title elementor-size-default\">Institucional<\/h2>\t\t<\/div>\n\t\t\t\t<\/div>\n\t\t\t\t\t\t<\/div>\n\t\t\t\t\t<\/div>\n\t\t<\/div>\n\t\t\t\t\t\t\t\t<\/div>\n\t\t\t\t\t<\/div>\n\t\t<\/section>\n\t\t\t\t<section class=\"elementor-section elementor-top-section elementor-element elementor-element-48fcfbd elementor-section-boxed elementor-section-height-default elementor-section-height-default\" data-id=\"48fcfbd\" data-element_type=\"section\">\n\t\t\t\t\t\t<div class=\"elementor-container elementor-column-gap-default\">\n\t\t\t\t\t\t\t<div class=\"elementor-row\">\n\t\t\t\t\t<div class=\"elementor-column elementor-col-100 elementor-top-column elementor-element elementor-element-91baee2\" data-id=\"91baee2\" data-element_type=\"column\">\n\t\t\t<div class=\"elementor-column-wrap elementor-element-populated\">\n\t\t\t\t\t\t\t<div class=\"elementor-widget-wrap\">\n\t\t\t\t\t\t<div class=\"elementor-element elementor-element-d9ebc56 elementor-widget elementor-widget-text-editor\" data-id=\"d9ebc56\" data-element_type=\"widget\" data-widget_type=\"text-editor.default\">\n\t\t\t\t<div class=\"elementor-widget-container\">\n\t\t\t\t\t<div class=\"elementor-text-editor elementor-clearfix\"><p>O Indaiatuba Day Hospital muda sua classifica\u00e7\u00e3o para Hospital Geral e inaugura UTI adulto&nbsp; e passa-se a chamar&nbsp;Indaiatuba&nbsp; Hospital,&nbsp; tudo em conformidade com as normas da Anvisa e Vigil\u00e2ncia Sanit\u00e1ria de Indaiatuba, mantendo excel\u00eancia em padr\u00f5es de qualidade, o que significa um atendimento ainda mais completo e complexo. O Indaiatuba Hospital possui uma infraestrutura completa que faz a diferen\u00e7a na qualidade de trabalho do profissional de sa\u00fade e no conforto e praticidade para os pacientes. Composto por consult\u00f3rios m\u00e9dicos, Centro Cirurgico, UTI adulto, Day Hospital, Laborat\u00f3rio, Clinica Radiol\u00f3gica e Exames Endosc\u00f3picos (Endoscopia, Colonoscopia e Colangiografia Endosc\u00f3pica Retr\u00f3grada). Tudo isso em conformidade com o padr\u00e3o de qualidade Indaiatuba Hospital. Com o objetivo de proporcionar um atendimento diferenciado e servi\u00e7os de excel\u00eancia, o Indaiatuba Hospital, tem capacidade para 500 procedimentos cir\u00fargicos por m\u00eas e cerca de cinco mil consultas agendadas nas diversas especialidades. O local, que atende mais de 25 especialidades e realiza pequenas, m\u00e9dias e cirurgias mais complexas, se destaca n\u00e3o apenas na cidade, mas tamb\u00e9m RMC (Regi\u00e3o Metropolitana de Campinas) h\u00e1 mais de 7 anos, por sua estrutura e credibilidade, aliadas a alta tecnologia oferecida aos seus pacientes. Entre os princ\u00edpios e miss\u00f5es da equipe est\u00e1 ser refer\u00eancia nos padr\u00f5es de qualidade da \u00e1rea, prestando atendimento humanizado, comprometido e visando a inclus\u00e3o da moderniza\u00e7\u00e3o e compromisso social, atrav\u00e9s da sua estrutura e equipe multidisciplinar. Um dos grandes diferenciais do Indaiatuba Hospital \u00e9 a sua UTI, que conta com cinco leitos individuais, tecnologia moderna em suas instala\u00e7\u00f5es e a garantia de qualidade do atendimento de uma equipe altamente capacitada. Cada leito tem cromoterapia, som ambiente, bluetooth, ubs, TV a cabo e claro, qualidade, equipe altamente capacitada. Vale destacar ainda que o hospital atende os seguintes conv\u00eanios: Bradesco, Mediservice, Unimed, Sul Am\u00e9rica, Seprev, Cassi, Sa\u00fade Caixa, Economus e Cabesp.<\/p><\/div>\n\t\t\t\t<\/div>\n\t\t\t\t<\/div>\n\t\t\t\t\t\t<\/div>\n\t\t\t\t\t<\/div>\n\t\t<\/div>\n\t\t\t\t\t\t\t\t<\/div>\n\t\t\t\t\t<\/div>\n\t\t<\/section>\n\t\t\t\t<section class=\"elementor-section elementor-top-section elementor-element elementor-element-8074384 elementor-section-boxed elementor-section-height-default elementor-section-height-default\" data-id=\"8074384\" data-element_type=\"section\">\n\t\t\t\t\t\t<div class=\"elementor-container elementor-column-gap-default\">\n\t\t\t\t\t\t\t<div class=\"elementor-row\">\n\t\t\t\t\t<div class=\"elementor-column elementor-col-100 elementor-top-column elementor-element elementor-element-4210826\" data-id=\"4210826\" data-element_type=\"column\">\n\t\t\t<div class=\"elementor-column-wrap elementor-element-populated\">\n\t\t\t\t\t\t\t<div class=\"elementor-widget-wrap\">\n\t\t\t\t\t\t<div class=\"elementor-element elementor-element-b8a930f elementor-widget elementor-widget-heading\" data-id=\"b8a930f\" data-element_type=\"widget\" data-widget_type=\"heading.default\">\n\t\t\t\t<div class=\"elementor-widget-container\">\n\t\t\t<h2 class=\"elementor-heading-title elementor-size-default\">Miss\u00e3o e Valores<\/h2>\t\t<\/div>\n\t\t\t\t<\/div>\n\t\t\t\t\t\t<\/div>\n\t\t\t\t\t<\/div>\n\t\t<\/div>\n\t\t\t\t\t\t\t\t<\/div>\n\t\t\t\t\t<\/div>\n\t\t<\/section>\n\t\t\t\t<section class=\"elementor-section elementor-top-section elementor-element elementor-element-e7fb749 elementor-section-boxed elementor-section-height-default elementor-section-height-default\" data-id=\"e7fb749\" data-element_type=\"section\">\n\t\t\t\t\t\t<div class=\"elementor-container elementor-column-gap-default\">\n\t\t\t\t\t\t\t<div class=\"elementor-row\">\n\t\t\t\t\t<div class=\"elementor-column elementor-col-100 elementor-top-column elementor-element elementor-element-e87ce63\" data-id=\"e87ce63\" data-element_type=\"column\">\n\t\t\t<div class=\"elementor-column-wrap elementor-element-populated\">\n\t\t\t\t\t\t\t<div class=\"elementor-widget-wrap\">\n\t\t\t\t\t\t<div class=\"elementor-element elementor-element-656ba6d elementor-widget elementor-widget-text-editor\" data-id=\"656ba6d\" data-element_type=\"widget\" data-widget_type=\"text-editor.default\">\n\t\t\t\t<div class=\"elementor-widget-container\">\n\t\t\t\t\t<div class=\"elementor-text-editor elementor-clearfix\"><p>Prestar servi\u00e7os m\u00e9dicos-hospitalares, unindo alta tecnologia, confiabilidade, t\u00e9cnica e qualidade no atendimento.<\/p><p>Atua\u00e7\u00e3o \u00e9tica, valoriza\u00e7\u00e3o dos recursos humanos, moderniza\u00e7\u00e3o dos recursos tecnol\u00f3gicos, capacita\u00e7\u00e3o e compromisso social.<\/p><\/div>\n\t\t\t\t<\/div>\n\t\t\t\t<\/div>\n\t\t\t\t\t\t<\/div>\n\t\t\t\t\t<\/div>\n\t\t<\/div>\n\t\t\t\t\t\t\t\t<\/div>\n\t\t\t\t\t<\/div>\n\t\t<\/section>\n\t\t\t\t<section class=\"elementor-section elementor-top-section elementor-element elementor-element-fa5d5d5 elementor-section-boxed elementor-section-height-default elementor-section-height-default\" data-id=\"fa5d5d5\" data-element_type=\"section\">\n\t\t\t\t\t\t<div class=\"elementor-container elementor-column-gap-default\">\n\t\t\t\t\t\t\t<div class=\"elementor-row\">\n\t\t\t\t\t<div class=\"elementor-column elementor-col-100 elementor-top-column elementor-element elementor-element-efd0021\" data-id=\"efd0021\" data-element_type=\"column\">\n\t\t\t<div class=\"elementor-column-wrap elementor-element-populated\">\n\t\t\t\t\t\t\t<div class=\"elementor-widget-wrap\">\n\t\t\t\t\t\t<div class=\"elementor-element elementor-element-fae853d elementor-widget elementor-widget-heading\" data-id=\"fae853d\" data-element_type=\"widget\" data-widget_type=\"heading.default\">\n\t\t\t\t<div class=\"elementor-widget-container\">\n\t\t\t<h2 class=\"elementor-heading-title elementor-size-default\">Responsabilidade Social<\/h2>\t\t<\/div>\n\t\t\t\t<\/div>\n\t\t\t\t\t\t<\/div>\n\t\t\t\t\t<\/div>\n\t\t<\/div>\n\t\t\t\t\t\t\t\t<\/div>\n\t\t\t\t\t<\/div>\n\t\t<\/section>\n\t\t\t\t<section class=\"elementor-section elementor-top-section elementor-element elementor-element-3104e00 elementor-section-boxed elementor-section-height-default elementor-section-height-default\" data-id=\"3104e00\" data-element_type=\"section\">\n\t\t\t\t\t\t<div class=\"elementor-container elementor-column-gap-default\">\n\t\t\t\t\t\t\t<div class=\"elementor-row\">\n\t\t\t\t\t<div class=\"elementor-column elementor-col-100 elementor-top-column elementor-element elementor-element-de450c4\" data-id=\"de450c4\" data-element_type=\"column\">\n\t\t\t<div class=\"elementor-column-wrap elementor-element-populated\">\n\t\t\t\t\t\t\t<div class=\"elementor-widget-wrap\">\n\t\t\t\t\t\t<div class=\"elementor-element elementor-element-2a93778 elementor-widget elementor-widget-text-editor\" data-id=\"2a93778\" data-element_type=\"widget\" data-widget_type=\"text-editor.default\">\n\t\t\t\t<div class=\"elementor-widget-container\">\n\t\t\t\t\t<div class=\"elementor-text-editor elementor-clearfix\"><p>Atendimento personalizado e humano.<\/p><p>Num primeiro momento, nossos profissionais m\u00e9dicos est\u00e3o atendendo particular e conv\u00eanios. J\u00e1 as cirurgias, abertas a todas as especialidades, est\u00e3o em processo de negocia\u00e7\u00e3o com os conv\u00eanios, onde se destacam: a pl\u00e1stica, oftalmol\u00f3gica, videolaparosc\u00f3pica, vascular, ginecologia, ortopedia, cirurgia geral, urologia e procedimentos de pequeno e m\u00e9dio porte de todas as especialidades. O Indaiatuba Hospital oferece ainda, o servi\u00e7o de odontologia, assistida por anestesista, uma inova\u00e7\u00e3o em Indaiatuba.<\/p><p>Priorizando o paciente com um tratamento moderno, humano e gentil, buscamos a humaniza\u00e7\u00e3o dos nossos servi\u00e7os com amizade, respeito e, acima de tudo, deixando o paciente seguro em rela\u00e7\u00e3o \u00e0s atitudes e posturas dos m\u00e9dicos e da nossa equipe.<\/p><\/div>\n\t\t\t\t<\/div>\n\t\t\t\t<\/div>\n\t\t\t\t\t\t<\/div>\n\t\t\t\t\t<\/div>\n\t\t<\/div>\n\t\t\t\t\t\t\t\t<\/div>\n\t\t\t\t\t<\/div>\n\t\t<\/section>\n\t\t\t\t\t\t<\/div>\n\t\t\t\t\t\t<\/div>\n\t\t\t\t\t<\/div>\n\t\t","protected":false},"excerpt":{"rendered":"<p>Institucional O Indaiatuba Day Hospital muda sua classifica\u00e7\u00e3o para Hospital Geral e inaugura UTI adulto&nbsp; e passa-se a chamar&nbsp;Indaiatuba&nbsp; Hospital,&nbsp; tudo em conformidade com as normas da Anvisa e Vigil\u00e2ncia Sanit\u00e1ria de Indaiatuba, mantendo excel\u00eancia em padr\u00f5es de qualidade, o que significa um atendimento ainda mais completo e complexo. O Indaiatuba Hospital possui uma infraestrutura [&hellip;]<\/p>\n","protected":false},"author":1,"featured_media":0,"parent":0,"menu_order":0,"comment_status":"closed","ping_status":"closed","template":"","meta":[],"_links":{"self":[{"href":"https:\/\/indaiatubadayhospital.com.br\/FVZ\/wp-json\/wp\/v2\/pages\/723"}],"collection":[{"href":"https:\/\/indaiatubadayhospital.com.br\/FVZ\/wp-json\/wp\/v2\/pages"}],"about":[{"href":"https:\/\/indaiatubadayhospital.com.br\/FVZ\/wp-json\/wp\/v2\/types\/page"}],"author":[{"embeddable":true,"href":"https:\/\/indaiatubadayhospital.com.br\/FVZ\/wp-json\/wp\/v2\/users\/1"}],"replies":[{"embeddable":true,"href":"https:\/\/indaiatubadayhospital.com.br\/FVZ\/wp-json\/wp\/v2\/comments?post=723"}],"version-history":[{"count":7,"href":"https:\/\/indaiatubadayhospital.com.br\/FVZ\/wp-json\/wp\/v2\/pages\/723\/revisions"}],"predecessor-version":[{"id":745,"href":"https:\/\/indaiatubadayhospital.com.br\/FVZ\/wp-json\/wp\/v2\/pages\/723\/revisions\/745"}],"wp:attachment":[{"href":"https:\/\/indaiatubadayhospital.com.br\/FVZ\/wp-json\/wp\/v2\/media?parent=723"}],"curies":[{"name":"wp","href":"https:\/\/api.w.org\/{rel}","templated":true}]}}