{"id":9,"date":"2021-07-01T17:12:30","date_gmt":"2021-07-01T20:12:30","guid":{"rendered":"http:\/\/indaiatubadayhospital.com.br\/FVZ\/?page_id=9"},"modified":"2025-10-29T14:24:15","modified_gmt":"2025-10-29T17:24:15","slug":"inicio","status":"publish","type":"page","link":"https:\/\/indaiatubadayhospital.com.br\/FVZ\/","title":{"rendered":"In\u00edcio"},"content":{"rendered":"\t\t<div data-elementor-type=\"wp-page\" data-elementor-id=\"9\" class=\"elementor elementor-9\" data-elementor-settings=\"[]\">\n\t\t\t\t\t\t<div class=\"elementor-inner\">\n\t\t\t\t\t\t\t<div class=\"elementor-section-wrap\">\n\t\t\t\t\t\t\t<section class=\"elementor-section elementor-top-section elementor-element elementor-element-0a5f4bb elementor-section-full_width elementor-section-stretched elementor-hidden-tablet elementor-section-height-default elementor-section-height-default\" data-id=\"0a5f4bb\" data-element_type=\"section\" data-settings=\"{&quot;stretch_section&quot;:&quot;section-stretched&quot;}\">\n\t\t\t\t\t\t<div class=\"elementor-container elementor-column-gap-default\">\n\t\t\t\t\t\t\t<div class=\"elementor-row\">\n\t\t\t\t\t<div class=\"elementor-column elementor-col-100 elementor-top-column elementor-element elementor-element-26f8327\" data-id=\"26f8327\" data-element_type=\"column\">\n\t\t\t<div class=\"elementor-column-wrap elementor-element-populated\">\n\t\t\t\t\t\t\t<div class=\"elementor-widget-wrap\">\n\t\t\t\t\t\t<div class=\"elementor-element elementor-element-ab84f7e elementor-pagination-position-inside elementor-hidden-desktop elementor-hidden-tablet elementor-widget elementor-widget-image-carousel\" data-id=\"ab84f7e\" data-element_type=\"widget\" data-settings=\"{&quot;slides_to_show&quot;:&quot;1&quot;,&quot;navigation&quot;:&quot;dots&quot;,&quot;autoplay_speed&quot;:8000,&quot;autoplay&quot;:&quot;yes&quot;,&quot;pause_on_hover&quot;:&quot;yes&quot;,&quot;pause_on_interaction&quot;:&quot;yes&quot;,&quot;infinite&quot;:&quot;yes&quot;,&quot;effect&quot;:&quot;slide&quot;,&quot;speed&quot;:500}\" data-widget_type=\"image-carousel.default\">\n\t\t\t\t<div class=\"elementor-widget-container\">\n\t\t\t\t\t<div class=\"elementor-image-carousel-wrapper swiper-container\" dir=\"ltr\">\n\t\t\t<div class=\"elementor-image-carousel swiper-wrapper\">\n\t\t\t\t<div class=\"swiper-slide\"><figure class=\"swiper-slide-inner\"><img decoding=\"async\" class=\"swiper-slide-image\" src=\"https:\/\/indaiatubadayhospital.com.br\/FVZ\/wp-content\/uploads\/2021\/12\/banner-celular-bioimpedancia.jpg\" alt=\"banner--celular-bioimpedancia\" \/><\/figure><\/div><div class=\"swiper-slide\"><figure class=\"swiper-slide-inner\"><img decoding=\"async\" class=\"swiper-slide-image\" src=\"https:\/\/indaiatubadayhospital.com.br\/FVZ\/wp-content\/uploads\/2021\/12\/banner-celular-colonoscopia.jpg\" alt=\"banner-celular-colonoscopia\" \/><\/figure><\/div>\t\t\t<\/div>\n\t\t\t\t\t\t\t\t\t\t\t\t<div class=\"swiper-pagination\"><\/div>\n\t\t\t\t\t\t\t\t\t\t\t\t\t<\/div>\n\t\t\t\t<\/div>\n\t\t\t\t<\/div>\n\t\t\t\t\t\t<\/div>\n\t\t\t\t\t<\/div>\n\t\t<\/div>\n\t\t\t\t\t\t\t\t<\/div>\n\t\t\t\t\t<\/div>\n\t\t<\/section>\n\t\t\t\t<section class=\"elementor-section elementor-top-section elementor-element elementor-element-47114e5 elementor-section-full_width elementor-section-stretched elementor-hidden-phone elementor-section-height-default elementor-section-height-default\" data-id=\"47114e5\" data-element_type=\"section\" data-settings=\"{&quot;stretch_section&quot;:&quot;section-stretched&quot;}\">\n\t\t\t\t\t\t<div class=\"elementor-container elementor-column-gap-default\">\n\t\t\t\t\t\t\t<div class=\"elementor-row\">\n\t\t\t\t\t<div class=\"elementor-column elementor-col-100 elementor-top-column elementor-element elementor-element-1f69c4d\" data-id=\"1f69c4d\" data-element_type=\"column\">\n\t\t\t<div class=\"elementor-column-wrap elementor-element-populated\">\n\t\t\t\t\t\t\t<div class=\"elementor-widget-wrap\">\n\t\t\t\t\t\t<div class=\"elementor-element elementor-element-b19b91d elementor-pagination-position-inside elementor-widget elementor-widget-image-carousel\" data-id=\"b19b91d\" data-element_type=\"widget\" data-settings=\"{&quot;slides_to_show&quot;:&quot;1&quot;,&quot;navigation&quot;:&quot;dots&quot;,&quot;autoplay_speed&quot;:8000,&quot;autoplay&quot;:&quot;yes&quot;,&quot;pause_on_hover&quot;:&quot;yes&quot;,&quot;pause_on_interaction&quot;:&quot;yes&quot;,&quot;infinite&quot;:&quot;yes&quot;,&quot;effect&quot;:&quot;slide&quot;,&quot;speed&quot;:500}\" data-widget_type=\"image-carousel.default\">\n\t\t\t\t<div class=\"elementor-widget-container\">\n\t\t\t\t\t<div class=\"elementor-image-carousel-wrapper swiper-container\" dir=\"ltr\">\n\t\t\t<div class=\"elementor-image-carousel swiper-wrapper\">\n\t\t\t\t<div class=\"swiper-slide\"><figure class=\"swiper-slide-inner\"><img decoding=\"async\" class=\"swiper-slide-image\" src=\"https:\/\/indaiatubadayhospital.com.br\/FVZ\/wp-content\/uploads\/2021\/07\/banner-colonoscopia.jpg\" alt=\"banner-colonoscopia\" \/><\/figure><\/div><div class=\"swiper-slide\"><figure class=\"swiper-slide-inner\"><img decoding=\"async\" class=\"swiper-slide-image\" src=\"https:\/\/indaiatubadayhospital.com.br\/FVZ\/wp-content\/uploads\/2021\/07\/banner-bioimpedancia.jpg\" alt=\"banner-bioimpedancia\" \/><\/figure><\/div>\t\t\t<\/div>\n\t\t\t\t\t\t\t\t\t\t\t\t<div class=\"swiper-pagination\"><\/div>\n\t\t\t\t\t\t\t\t\t\t\t\t\t<\/div>\n\t\t\t\t<\/div>\n\t\t\t\t<\/div>\n\t\t\t\t\t\t<\/div>\n\t\t\t\t\t<\/div>\n\t\t<\/div>\n\t\t\t\t\t\t\t\t<\/div>\n\t\t\t\t\t<\/div>\n\t\t<\/section>\n\t\t\t\t<section class=\"elementor-section elementor-top-section elementor-element elementor-element-c04bb03 elementor-section-boxed elementor-section-height-default elementor-section-height-default\" data-id=\"c04bb03\" data-element_type=\"section\" data-settings=\"{&quot;background_background&quot;:&quot;classic&quot;}\">\n\t\t\t\t\t\t<div class=\"elementor-container elementor-column-gap-default\">\n\t\t\t\t\t\t\t<div class=\"elementor-row\">\n\t\t\t\t\t<div class=\"elementor-column elementor-col-33 elementor-top-column elementor-element elementor-element-a2d6de6\" data-id=\"a2d6de6\" data-element_type=\"column\">\n\t\t\t<div class=\"elementor-column-wrap elementor-element-populated\">\n\t\t\t\t\t\t\t<div class=\"elementor-widget-wrap\">\n\t\t\t\t\t\t<div class=\"elementor-element elementor-element-2238ccf elementor-position-top elementor-vertical-align-top elementor-widget elementor-widget-image-box\" data-id=\"2238ccf\" data-element_type=\"widget\" data-widget_type=\"image-box.default\">\n\t\t\t\t<div class=\"elementor-widget-container\">\n\t\t\t<div class=\"elementor-image-box-wrapper\"><figure class=\"elementor-image-box-img\"><a href=\"http:\/\/www.indaiatubahospital.com.br\/FVZ\/corpo-clinico\"><img width=\"1920\" height=\"1281\" src=\"https:\/\/indaiatubadayhospital.com.br\/FVZ\/wp-content\/uploads\/2021\/12\/patient-listening-to-doctor-2021-08-26-15-29-59-utc.jpg\" class=\"attachment-full size-full\" alt=\"\" decoding=\"async\" loading=\"lazy\" srcset=\"https:\/\/indaiatubadayhospital.com.br\/FVZ\/wp-content\/uploads\/2021\/12\/patient-listening-to-doctor-2021-08-26-15-29-59-utc.jpg 1920w, https:\/\/indaiatubadayhospital.com.br\/FVZ\/wp-content\/uploads\/2021\/12\/patient-listening-to-doctor-2021-08-26-15-29-59-utc-300x200.jpg 300w, https:\/\/indaiatubadayhospital.com.br\/FVZ\/wp-content\/uploads\/2021\/12\/patient-listening-to-doctor-2021-08-26-15-29-59-utc-1024x683.jpg 1024w, https:\/\/indaiatubadayhospital.com.br\/FVZ\/wp-content\/uploads\/2021\/12\/patient-listening-to-doctor-2021-08-26-15-29-59-utc-768x512.jpg 768w, https:\/\/indaiatubadayhospital.com.br\/FVZ\/wp-content\/uploads\/2021\/12\/patient-listening-to-doctor-2021-08-26-15-29-59-utc-1536x1025.jpg 1536w\" sizes=\"(max-width: 1920px) 100vw, 1920px\" \/><\/a><\/figure><div class=\"elementor-image-box-content\"><h3 class=\"elementor-image-box-title\"><a href=\"http:\/\/www.indaiatubahospital.com.br\/FVZ\/corpo-clinico\">M\u00e9dicos<\/a><\/h3><p class=\"elementor-image-box-description\">Conhe\u00e7a nosso corpo cl\u00ednico<\/p><\/div><\/div>\t\t<\/div>\n\t\t\t\t<\/div>\n\t\t\t\t\t\t<\/div>\n\t\t\t\t\t<\/div>\n\t\t<\/div>\n\t\t\t\t<div class=\"elementor-column elementor-col-33 elementor-top-column elementor-element elementor-element-7ed0aeb\" data-id=\"7ed0aeb\" data-element_type=\"column\">\n\t\t\t<div class=\"elementor-column-wrap elementor-element-populated\">\n\t\t\t\t\t\t\t<div class=\"elementor-widget-wrap\">\n\t\t\t\t\t\t<div class=\"elementor-element elementor-element-4738130 elementor-position-top elementor-vertical-align-top elementor-widget elementor-widget-image-box\" data-id=\"4738130\" data-element_type=\"widget\" data-widget_type=\"image-box.default\">\n\t\t\t\t<div class=\"elementor-widget-container\">\n\t\t\t<div class=\"elementor-image-box-wrapper\"><figure class=\"elementor-image-box-img\"><a href=\"http:\/\/www.indaiatubadayhospital.com.br\/FVZ\/especialidades\"><img width=\"1920\" height=\"1281\" src=\"https:\/\/indaiatubadayhospital.com.br\/FVZ\/wp-content\/uploads\/2021\/12\/doctors-on-a-breaktime-2021-08-27-00-03-50-utc.jpg\" class=\"attachment-full size-full\" alt=\"\" decoding=\"async\" loading=\"lazy\" srcset=\"https:\/\/indaiatubadayhospital.com.br\/FVZ\/wp-content\/uploads\/2021\/12\/doctors-on-a-breaktime-2021-08-27-00-03-50-utc.jpg 1920w, https:\/\/indaiatubadayhospital.com.br\/FVZ\/wp-content\/uploads\/2021\/12\/doctors-on-a-breaktime-2021-08-27-00-03-50-utc-300x200.jpg 300w, https:\/\/indaiatubadayhospital.com.br\/FVZ\/wp-content\/uploads\/2021\/12\/doctors-on-a-breaktime-2021-08-27-00-03-50-utc-1024x683.jpg 1024w, https:\/\/indaiatubadayhospital.com.br\/FVZ\/wp-content\/uploads\/2021\/12\/doctors-on-a-breaktime-2021-08-27-00-03-50-utc-768x512.jpg 768w, https:\/\/indaiatubadayhospital.com.br\/FVZ\/wp-content\/uploads\/2021\/12\/doctors-on-a-breaktime-2021-08-27-00-03-50-utc-1536x1025.jpg 1536w\" sizes=\"(max-width: 1920px) 100vw, 1920px\" \/><\/a><\/figure><div class=\"elementor-image-box-content\"><h3 class=\"elementor-image-box-title\"><a href=\"http:\/\/www.indaiatubadayhospital.com.br\/FVZ\/especialidades\">Especialidades<\/a><\/h3><\/div><\/div>\t\t<\/div>\n\t\t\t\t<\/div>\n\t\t\t\t\t\t<\/div>\n\t\t\t\t\t<\/div>\n\t\t<\/div>\n\t\t\t\t<div class=\"elementor-column elementor-col-33 elementor-top-column elementor-element elementor-element-afe2e92\" data-id=\"afe2e92\" data-element_type=\"column\">\n\t\t\t<div class=\"elementor-column-wrap elementor-element-populated\">\n\t\t\t\t\t\t\t<div class=\"elementor-widget-wrap\">\n\t\t\t\t\t\t<div class=\"elementor-element elementor-element-3e31bb7 elementor-position-top elementor-vertical-align-top elementor-widget elementor-widget-image-box\" data-id=\"3e31bb7\" data-element_type=\"widget\" data-widget_type=\"image-box.default\">\n\t\t\t\t<div class=\"elementor-widget-container\">\n\t\t\t<div class=\"elementor-image-box-wrapper\"><figure class=\"elementor-image-box-img\"><a href=\"http:\/\/www.indaiatubadayhospital.com.br\/FVZ\/servicos\"><img width=\"1920\" height=\"1278\" src=\"https:\/\/indaiatubadayhospital.com.br\/FVZ\/wp-content\/uploads\/2021\/12\/smiling-doctor-ultrasound-the-doctor-performed-a-2021-08-26-15-52-58-utc.jpg\" class=\"attachment-full size-full\" alt=\"\" decoding=\"async\" loading=\"lazy\" srcset=\"https:\/\/indaiatubadayhospital.com.br\/FVZ\/wp-content\/uploads\/2021\/12\/smiling-doctor-ultrasound-the-doctor-performed-a-2021-08-26-15-52-58-utc.jpg 1920w, https:\/\/indaiatubadayhospital.com.br\/FVZ\/wp-content\/uploads\/2021\/12\/smiling-doctor-ultrasound-the-doctor-performed-a-2021-08-26-15-52-58-utc-300x200.jpg 300w, https:\/\/indaiatubadayhospital.com.br\/FVZ\/wp-content\/uploads\/2021\/12\/smiling-doctor-ultrasound-the-doctor-performed-a-2021-08-26-15-52-58-utc-1024x682.jpg 1024w, https:\/\/indaiatubadayhospital.com.br\/FVZ\/wp-content\/uploads\/2021\/12\/smiling-doctor-ultrasound-the-doctor-performed-a-2021-08-26-15-52-58-utc-768x511.jpg 768w, https:\/\/indaiatubadayhospital.com.br\/FVZ\/wp-content\/uploads\/2021\/12\/smiling-doctor-ultrasound-the-doctor-performed-a-2021-08-26-15-52-58-utc-1536x1022.jpg 1536w\" sizes=\"(max-width: 1920px) 100vw, 1920px\" \/><\/a><\/figure><div class=\"elementor-image-box-content\"><h3 class=\"elementor-image-box-title\"><a href=\"http:\/\/www.indaiatubadayhospital.com.br\/FVZ\/servicos\">Servi\u00e7os<\/a><\/h3><p class=\"elementor-image-box-description\">De consultas a cirurgias<\/p><\/div><\/div>\t\t<\/div>\n\t\t\t\t<\/div>\n\t\t\t\t\t\t<\/div>\n\t\t\t\t\t<\/div>\n\t\t<\/div>\n\t\t\t\t\t\t\t\t<\/div>\n\t\t\t\t\t<\/div>\n\t\t<\/section>\n\t\t\t\t<section class=\"elementor-section elementor-top-section elementor-element elementor-element-3c19289 elementor-section-boxed elementor-section-height-default elementor-section-height-default\" data-id=\"3c19289\" data-element_type=\"section\" data-settings=\"{&quot;background_background&quot;:&quot;classic&quot;}\">\n\t\t\t\t\t\t<div class=\"elementor-container elementor-column-gap-default\">\n\t\t\t\t\t\t\t<div class=\"elementor-row\">\n\t\t\t\t\t<div class=\"elementor-column elementor-col-100 elementor-top-column elementor-element elementor-element-95c50aa\" data-id=\"95c50aa\" data-element_type=\"column\">\n\t\t\t<div class=\"elementor-column-wrap elementor-element-populated\">\n\t\t\t\t\t\t\t<div class=\"elementor-widget-wrap\">\n\t\t\t\t\t\t<div class=\"elementor-element elementor-element-970f5bf elementor-widget elementor-widget-heading\" data-id=\"970f5bf\" data-element_type=\"widget\" data-widget_type=\"heading.default\">\n\t\t\t\t<div class=\"elementor-widget-container\">\n\t\t\t<h2 class=\"elementor-heading-title elementor-size-default\">Not\u00edcias<\/h2>\t\t<\/div>\n\t\t\t\t<\/div>\n\t\t\t\t<div class=\"elementor-element elementor-element-6c7d37c elementor-grid-3 elementor-grid-tablet-2 elementor-grid-mobile-1 elementor-posts--thumbnail-top elementor-widget elementor-widget-posts\" data-id=\"6c7d37c\" data-element_type=\"widget\" data-settings=\"{&quot;classic_columns&quot;:&quot;3&quot;,&quot;classic_columns_tablet&quot;:&quot;2&quot;,&quot;classic_columns_mobile&quot;:&quot;1&quot;,&quot;classic_row_gap&quot;:{&quot;unit&quot;:&quot;px&quot;,&quot;size&quot;:35,&quot;sizes&quot;:[]}}\" data-widget_type=\"posts.classic\">\n\t\t\t\t<div class=\"elementor-widget-container\">\n\t\t\t\t\t<div class=\"elementor-posts-container elementor-posts elementor-posts--skin-classic elementor-grid\">\n\t\t\t\t<article class=\"elementor-post elementor-grid-item post-1077 post type-post status-publish format-standard has-post-thumbnail hentry category-sem-categoria entry has-media\">\n\t\t\t\t<a class=\"elementor-post__thumbnail__link\" href=\"https:\/\/indaiatubadayhospital.com.br\/FVZ\/centro-cirurgico-do-indaiatuba-hospital-tecnologia-e-seguranca-para-o-seu-bem-estar\/\" >\n\t\t\t<div class=\"elementor-post__thumbnail\"><img width=\"900\" height=\"700\" src=\"https:\/\/indaiatubadayhospital.com.br\/FVZ\/wp-content\/uploads\/2024\/04\/texto-indaiatubahospital-4.png\" class=\"attachment-large size-large\" alt=\"\" decoding=\"async\" loading=\"lazy\" srcset=\"https:\/\/indaiatubadayhospital.com.br\/FVZ\/wp-content\/uploads\/2024\/04\/texto-indaiatubahospital-4.png 900w, https:\/\/indaiatubadayhospital.com.br\/FVZ\/wp-content\/uploads\/2024\/04\/texto-indaiatubahospital-4-300x233.png 300w, https:\/\/indaiatubadayhospital.com.br\/FVZ\/wp-content\/uploads\/2024\/04\/texto-indaiatubahospital-4-768x597.png 768w\" sizes=\"(max-width: 900px) 100vw, 900px\" \/><\/div>\n\t\t<\/a>\n\t\t\t\t<div class=\"elementor-post__text\">\n\t\t\t\t<h3 class=\"elementor-post__title\">\n\t\t\t<a href=\"https:\/\/indaiatubadayhospital.com.br\/FVZ\/centro-cirurgico-do-indaiatuba-hospital-tecnologia-e-seguranca-para-o-seu-bem-estar\/\" >\n\t\t\t\tCentro Cir\u00fargico do Indaiatuba Hospital: Tecnologia e Seguran\u00e7a para o seu Bem-Estar\t\t\t<\/a>\n\t\t<\/h3>\n\t\t\t\t<div class=\"elementor-post__excerpt\">\n\t\t\t<p>No Indaiatuba Hospital, nosso centro cir\u00fargico \u00e9 um dos mais<\/p>\n\t\t<\/div>\n\t\t\t\t\t<a class=\"elementor-post__read-more\" href=\"https:\/\/indaiatubadayhospital.com.br\/FVZ\/centro-cirurgico-do-indaiatuba-hospital-tecnologia-e-seguranca-para-o-seu-bem-estar\/\" >\n\t\t\t\tVeja \u00bb\t\t\t<\/a>\n\t\t\t\t<\/div>\n\t\t\t\t<\/article>\n\t\t\t\t<article class=\"elementor-post elementor-grid-item post-1074 post type-post status-publish format-standard has-post-thumbnail hentry category-sem-categoria entry has-media\">\n\t\t\t\t<a class=\"elementor-post__thumbnail__link\" href=\"https:\/\/indaiatubadayhospital.com.br\/FVZ\/indaiatuba-hospital-excelencia-e-inovacao-em-saude\/\" >\n\t\t\t<div class=\"elementor-post__thumbnail\"><img width=\"900\" height=\"700\" src=\"https:\/\/indaiatubadayhospital.com.br\/FVZ\/wp-content\/uploads\/2024\/04\/texto-indaiatubahospital-3.png\" class=\"attachment-large size-large\" alt=\"\" decoding=\"async\" loading=\"lazy\" srcset=\"https:\/\/indaiatubadayhospital.com.br\/FVZ\/wp-content\/uploads\/2024\/04\/texto-indaiatubahospital-3.png 900w, https:\/\/indaiatubadayhospital.com.br\/FVZ\/wp-content\/uploads\/2024\/04\/texto-indaiatubahospital-3-300x233.png 300w, https:\/\/indaiatubadayhospital.com.br\/FVZ\/wp-content\/uploads\/2024\/04\/texto-indaiatubahospital-3-768x597.png 768w\" sizes=\"(max-width: 900px) 100vw, 900px\" \/><\/div>\n\t\t<\/a>\n\t\t\t\t<div class=\"elementor-post__text\">\n\t\t\t\t<h3 class=\"elementor-post__title\">\n\t\t\t<a href=\"https:\/\/indaiatubadayhospital.com.br\/FVZ\/indaiatuba-hospital-excelencia-e-inovacao-em-saude\/\" >\n\t\t\t\tIndaiatuba Hospital &#8211; Excel\u00eancia e Inova\u00e7\u00e3o em Sa\u00fade\t\t\t<\/a>\n\t\t<\/h3>\n\t\t\t\t<div class=\"elementor-post__excerpt\">\n\t\t\t<p>No Indaiatuba Hospital, voc\u00ea encontra um parceiro dedicado \u00e0 sua<\/p>\n\t\t<\/div>\n\t\t\t\t\t<a class=\"elementor-post__read-more\" href=\"https:\/\/indaiatubadayhospital.com.br\/FVZ\/indaiatuba-hospital-excelencia-e-inovacao-em-saude\/\" >\n\t\t\t\tVeja \u00bb\t\t\t<\/a>\n\t\t\t\t<\/div>\n\t\t\t\t<\/article>\n\t\t\t\t<article class=\"elementor-post elementor-grid-item post-1071 post type-post status-publish format-standard has-post-thumbnail hentry category-sem-categoria entry has-media\">\n\t\t\t\t<a class=\"elementor-post__thumbnail__link\" href=\"https:\/\/indaiatubadayhospital.com.br\/FVZ\/explore-os-avancados-servicos-medicos-do-indaiatuba-hospital\/\" >\n\t\t\t<div class=\"elementor-post__thumbnail\"><img width=\"900\" height=\"700\" src=\"https:\/\/indaiatubadayhospital.com.br\/FVZ\/wp-content\/uploads\/2024\/04\/texto-indaiatubahospital-2.png\" class=\"attachment-large size-large\" alt=\"\" decoding=\"async\" loading=\"lazy\" srcset=\"https:\/\/indaiatubadayhospital.com.br\/FVZ\/wp-content\/uploads\/2024\/04\/texto-indaiatubahospital-2.png 900w, https:\/\/indaiatubadayhospital.com.br\/FVZ\/wp-content\/uploads\/2024\/04\/texto-indaiatubahospital-2-300x233.png 300w, https:\/\/indaiatubadayhospital.com.br\/FVZ\/wp-content\/uploads\/2024\/04\/texto-indaiatubahospital-2-768x597.png 768w\" sizes=\"(max-width: 900px) 100vw, 900px\" \/><\/div>\n\t\t<\/a>\n\t\t\t\t<div class=\"elementor-post__text\">\n\t\t\t\t<h3 class=\"elementor-post__title\">\n\t\t\t<a href=\"https:\/\/indaiatubadayhospital.com.br\/FVZ\/explore-os-avancados-servicos-medicos-do-indaiatuba-hospital\/\" >\n\t\t\t\tExplore os Avan\u00e7ados Servi\u00e7os M\u00e9dicos do Indaiatuba Hospital\t\t\t<\/a>\n\t\t<\/h3>\n\t\t\t\t<div class=\"elementor-post__excerpt\">\n\t\t\t<p>Localizado estrategicamente em Indaiatuba, o Indaiatuba Hospital \u00e9 um centro<\/p>\n\t\t<\/div>\n\t\t\t\t\t<a class=\"elementor-post__read-more\" href=\"https:\/\/indaiatubadayhospital.com.br\/FVZ\/explore-os-avancados-servicos-medicos-do-indaiatuba-hospital\/\" >\n\t\t\t\tVeja \u00bb\t\t\t<\/a>\n\t\t\t\t<\/div>\n\t\t\t\t<\/article>\n\t\t\t\t<\/div>\n\t\t\t\t<\/div>\n\t\t\t\t<\/div>\n\t\t\t\t\t\t<\/div>\n\t\t\t\t\t<\/div>\n\t\t<\/div>\n\t\t\t\t\t\t\t\t<\/div>\n\t\t\t\t\t<\/div>\n\t\t<\/section>\n\t\t\t\t\t\t<\/div>\n\t\t\t\t\t\t<\/div>\n\t\t\t\t\t<\/div>\n\t\t","protected":false},"excerpt":{"rendered":"<p>M\u00e9dicos Conhe\u00e7a nosso corpo cl\u00ednico Especialidades Servi\u00e7os De consultas a cirurgias Not\u00edcias<\/p>\n","protected":false},"author":1,"featured_media":0,"parent":0,"menu_order":0,"comment_status":"closed","ping_status":"closed","template":"elementor_header_footer","meta":[],"_links":{"self":[{"href":"https:\/\/indaiatubadayhospital.com.br\/FVZ\/wp-json\/wp\/v2\/pages\/9"}],"collection":[{"href":"https:\/\/indaiatubadayhospital.com.br\/FVZ\/wp-json\/wp\/v2\/pages"}],"about":[{"href":"https:\/\/indaiatubadayhospital.com.br\/FVZ\/wp-json\/wp\/v2\/types\/page"}],"author":[{"embeddable":true,"href":"https:\/\/indaiatubadayhospital.com.br\/FVZ\/wp-json\/wp\/v2\/users\/1"}],"replies":[{"embeddable":true,"href":"https:\/\/indaiatubadayhospital.com.br\/FVZ\/wp-json\/wp\/v2\/comments?post=9"}],"version-history":[{"count":148,"href":"https:\/\/indaiatubadayhospital.com.br\/FVZ\/wp-json\/wp\/v2\/pages\/9\/revisions"}],"predecessor-version":[{"id":1195,"href":"https:\/\/indaiatubadayhospital.com.br\/FVZ\/wp-json\/wp\/v2\/pages\/9\/revisions\/1195"}],"wp:attachment":[{"href":"https:\/\/indaiatubadayhospital.com.br\/FVZ\/wp-json\/wp\/v2\/media?parent=9"}],"curies":[{"name":"wp","href":"https:\/\/api.w.org\/{rel}","templated":true}]}}